{"id":6702,"date":"2025-10-14T18:03:23","date_gmt":"2025-10-14T18:03:23","guid":{"rendered":"https:\/\/doctorwisdom.com\/notre-equipe-de-dentistes-a-montreal\/"},"modified":"2025-12-29T15:53:56","modified_gmt":"2025-12-29T15:53:56","slug":"notre-equipe-de-dentistes-a-montreal","status":"publish","type":"page","link":"https:\/\/doctorwisdom.com\/fr\/notre-equipe-de-dentistes-a-montreal\/","title":{"rendered":"Notre \u00e9quipe de dentistes \u00e0 Montr\u00e9al"},"content":{"rendered":"\t\t<div data-elementor-type=\"wp-page\" data-elementor-id=\"6702\" class=\"elementor elementor-6702 elementor-6697\" data-elementor-post-type=\"page\">\n\t\t\t\t<div class=\"elementor-element elementor-element-3185c7f e-flex e-con-boxed e-con e-parent\" data-id=\"3185c7f\" data-element_type=\"container\" data-settings=\"{&quot;background_background&quot;:&quot;classic&quot;}\">\n\t\t\t\t\t<div class=\"e-con-inner\">\n\t\t\t\t\t<\/div>\n\t\t\t\t<\/div>\n\t\t<div class=\"elementor-element elementor-element-1b52c3b e-flex e-con-boxed e-con e-parent\" data-id=\"1b52c3b\" data-element_type=\"container\">\n\t\t\t\t\t<div class=\"e-con-inner\">\n\t\t\t\t<div class=\"elementor-element elementor-element-667cacb elementor-widget elementor-widget-heading\" data-id=\"667cacb\" data-element_type=\"widget\" data-widget_type=\"heading.default\">\n\t\t\t\t<div class=\"elementor-widget-container\">\n\t\t\t<h1 class=\"elementor-heading-title elementor-size-default\">Notre \u00e9quipe de dentistes \u00e0 Montr\u00e9al<\/h1>\t\t<\/div>\n\t\t\t\t<\/div>\n\t\t\t\t<div class=\"elementor-element elementor-element-3af0c6a elementor-widget__width-initial elementor-widget elementor-widget-text-editor\" data-id=\"3af0c6a\" data-element_type=\"widget\" data-widget_type=\"text-editor.default\">\n\t\t\t\t<div class=\"elementor-widget-container\">\n\t\t\t\t\t\t\tChez Dr. Wisdom \u2013 Centre Dentaire Aoude VSL, nous sommes convaincus qu\u2019un sourire confiant repose sur des soins attentionn\u00e9s, comp\u00e9tents et personnalis\u00e9s. Notre \u00e9quipe de professionnels s\u2019engage \u00e0 accompagner chaque patient avec respect, transparence et bienveillance, dans un environnement accueillant et professionnel.\t\t\t\t\t\t<\/div>\n\t\t\t\t<\/div>\n\t\t\t\t\t<\/div>\n\t\t\t\t<\/div>\n\t\t<div class=\"elementor-element elementor-element-d8670d8 e-flex e-con-boxed e-con e-parent\" data-id=\"d8670d8\" data-element_type=\"container\">\n\t\t\t\t\t<div class=\"e-con-inner\">\n\t\t\t\t<div class=\"elementor-element elementor-element-f6d6c25 elementor-widget elementor-widget-text-editor\" data-id=\"f6d6c25\" data-element_type=\"widget\" data-widget_type=\"text-editor.default\">\n\t\t\t\t<div class=\"elementor-widget-container\">\n\t\t\t\t\t\t\t<h3><a href=\"https:\/\/doctorwisdom.com\/fr\/dr-ahmad-aoude\/\"><b>Dr. Ahmad Wisdom Aoude<\/b><\/a><\/h3><p><b>Dentiste g\u00e9n\u00e9raliste\u00a0<\/b><b><br \/><\/b><span style=\"font-weight: 400;\">Issu d\u2019une famille de dentistes, le Dr Ahmad Aoude a obtenu son Doctorat en m\u00e9decine dentaire \u00e0 l\u2019Universit\u00e9 de Montr\u00e9al. Il a compl\u00e9t\u00e9 de nombreuses formations continues, notamment en s\u00e9dation consciente, orthodontie incluant les traitements Invisalign, implantologie, radiologie, endodontie et parodontie.<\/span><\/p><p>Il participe r\u00e9guli\u00e8rement \u00e0 des congr\u00e8s et activit\u00e9s de formation au Qu\u00e9bec et \u00e0 l\u2019international, incluant des \u00e9v\u00e9nements de formation Invisalign, afin de maintenir ses connaissances \u00e0 jour. Le Dr Aoude est membre de l\u2019Ordre des dentistes du Qu\u00e9bec (ODQ), de l\u2019Association des chirurgiens dentistes du Qu\u00e9bec (ACDQ) et de l\u2019Association dentaire canadienne (ADC).<\/p><p>Fort de plus de dix ann\u00e9es de pratique clinique, il offre une gamme de soins incluant les traitements orthodontiques avec aligneurs transparents, les implants dentaires, la prosthodontie et les restaurations esth\u00e9tiques, toujours selon une approche individualis\u00e9e et centr\u00e9e sur le patient.<\/p><h3><a href=\"https:\/\/doctorwisdom.com\/fr\/dr-rita-mouawie\/\"><b>Dr. Rita Mouawie<\/b><\/a><\/h3><p><b>Dentiste g\u00e9n\u00e9raliste<\/b><b><br \/><\/b><span style=\"font-weight: 400;\">Dipl\u00f4m\u00e9 de l\u2019Universit\u00e9 de Montr\u00e9al, le Dr Kesserwany a amorc\u00e9 sa carri\u00e8re en participant \u00e0 une mission humanitaire aupr\u00e8s de communaut\u00e9s vuln\u00e9rables, une exp\u00e9rience qui influence encore aujourd\u2019hui sa philosophie de soins.<\/span><\/p><p>Son parcours acad\u00e9mique et clinique a \u00e9t\u00e9 soulign\u00e9 par plusieurs distinctions, dont le prix Micheline-Blain (ACDQ), le prix Quintessence pour la recherche et le prix du vice-doyen pour les affaires cliniques en m\u00e9decine dentaire. Il adopte une approche humaine, empathique et ax\u00e9e sur la qualit\u00e9 des soins.<\/p><h3><a href=\"https:\/\/doctorwisdom.com\/fr\/dr-george-kesserwany\/\"><b>Dr. George Kesserwany<\/b><\/a><\/h3><p><b>Dentiste g\u00e9n\u00e9raliste<\/b><b><br \/><\/b><span style=\"font-weight: 400;\">Form\u00e9 \u00e0 l\u2019Universit\u00e9 de Montr\u00e9al, il a d\u00e9but\u00e9 sa carri\u00e8re par une mission humanitaire aupr\u00e8s de populations vuln\u00e9rables. Son engagement lui a valu plusieurs distinctions : prix Micheline-Blain (ACDQ), prix Quintessence pour la recherche et prix du vice-doyen pour les affaires cliniques. Son approche est empreinte d\u2019empathie et d\u2019ouverture sur le monde. <\/span><\/p><h3><a href=\"https:\/\/doctorwisdom.com\/fr\/dr-ilyes-amrani\/\"><b>Dr. Ilyes Amrani, D.M.D.<\/b><\/a><\/h3><p><b>Dentiste g\u00e9n\u00e9raliste<\/b><b><br \/><\/b><span style=\"font-weight: 400;\">Apr\u00e8s un parcours en sciences biom\u00e9dicales, le Dr Ilyes Amrani a obtenu son dipl\u00f4me en m\u00e9decine dentaire \u00e0 l\u2019Universit\u00e9 de Montr\u00e9al. Il est membre de l\u2019ODQ, de l\u2019ACDQ et de l\u2019ADC.<\/span><\/p><p>Engag\u00e9 dans la formation continue, il offre des soins de dentisterie g\u00e9n\u00e9rale incluant les traitements pr\u00e9ventifs, restaurateurs, endodontiques, esth\u00e9tiques et les extractions de dents de sagesse, en veillant toujours au confort et \u00e0 la compr\u00e9hension du patient.<\/p><h3><a href=\"https:\/\/doctorwisdom.com\/fr\/marlo-sciarretta\/\"><b>Marlo Sciarretta<\/b><\/a><\/h3><p><b>Denturologiste<\/b><b><br \/><\/b><span style=\"font-weight: 400;\">Marlo Sciarretta est denturologiste et se consacre \u00e0 la conception de proth\u00e8ses dentaires compl\u00e8tes, partielles et sur implants. Alliant pr\u00e9cision technique et approche humaine, il propose des solutions adapt\u00e9es aux besoins fonctionnels et esth\u00e9tiques de chaque patient.<\/span><\/p><p>Il utilise des techniques et technologies actuelles et prend le temps d\u2019expliquer chaque \u00e9tape du traitement afin d\u2019assurer une exp\u00e9rience rassurante et personnalis\u00e9e.<\/p><p>Tous les membres de notre \u00e9quipe partagent une m\u00eame philosophie : offrir des soins personnalis\u00e9s, s\u2019appuyer sur des technologies modernes et prioriser votre confort et votre confiance.<\/p><p><span style=\"font-size: 14pt;\"><b>Prenez soin de votre sourire d\u00e8s maintenant<\/b><\/span><\/p><p><a href=\"https:\/\/doctorwisdom.com\/fr\/contactez-nous\/\"><b>Prenez rendez-vous aujourd\u2019hui<\/b><\/a><span style=\"font-weight: 400;\"> pour rencontrer le professionnel qui correspond \u00e0 vos besoins dentaires. Visitez notre page Services pour en apprendre davantage sur nos soins, incluant les traitements Invisalign, les implants dentaires, les facettes, le blanchiment, les soins p\u00e9diatriques, les urgences dentaires, les traitements de canal et plus encore.<\/span><\/p>\t\t\t\t\t\t<\/div>\n\t\t\t\t<\/div>\n\t\t\t\t\t<\/div>\n\t\t\t\t<\/div>\n\t\t<div class=\"elementor-element elementor-element-a938a1a e-flex e-con-boxed e-con e-parent\" data-id=\"a938a1a\" data-element_type=\"container\">\n\t\t\t\t\t<div class=\"e-con-inner\">\n\t\t<div class=\"elementor-element elementor-element-fd95021 e-flex e-con-boxed e-con e-child\" data-id=\"fd95021\" data-element_type=\"container\">\n\t\t\t\t\t<div class=\"e-con-inner\">\n\t\t<div class=\"elementor-element elementor-element-6a05911 e-con-full e-flex e-con e-child\" data-id=\"6a05911\" data-element_type=\"container\">\n\t\t\t\t<div class=\"elementor-element elementor-element-996057e elementor-hidden-tablet elementor-hidden-mobile elementor-widget elementor-widget-heading\" data-id=\"996057e\" data-element_type=\"widget\" data-widget_type=\"heading.default\">\n\t\t\t\t<div class=\"elementor-widget-container\">\n\t\t\t<h2 class=\"elementor-heading-title elementor-size-default\">Contactez nous<\/h2>\t\t<\/div>\n\t\t\t\t<\/div>\n\t\t\t\t<div class=\"elementor-element elementor-element-7b7ffa3 elementor-mobile-button-align-stretch contact-us-form elementor-tablet-button-align-stretch elementor-button-align-stretch elementor-widget elementor-widget-form\" data-id=\"7b7ffa3\" data-element_type=\"widget\" data-settings=\"{&quot;step_next_label&quot;:&quot;Suivant&quot;,&quot;step_previous_label&quot;:&quot;Pr\\u00e9c\\u00e9dent&quot;,&quot;button_width&quot;:&quot;100&quot;,&quot;step_type&quot;:&quot;number_text&quot;,&quot;step_icon_shape&quot;:&quot;circle&quot;}\" data-widget_type=\"form.default\">\n\t\t\t\t<div class=\"elementor-widget-container\">\n\t\t\t\t\t<form class=\"elementor-form\" method=\"post\" name=\"Formulaire de contact\">\n\t\t\t<input type=\"hidden\" name=\"post_id\" value=\"6702\"\/>\n\t\t\t<input type=\"hidden\" name=\"form_id\" value=\"7b7ffa3\"\/>\n\t\t\t<input type=\"hidden\" name=\"referer_title\" value=\"\" \/>\n\n\t\t\t\n\t\t\t<div class=\"elementor-form-fields-wrapper elementor-labels-above\">\n\t\t\t\t\t\t\t\t<div class=\"elementor-field-type-radio elementor-field-group elementor-column elementor-field-group-name elementor-col-100 elementor-md-100 elementor-field-required\">\n\t\t\t\t\t\t\t\t\t\t\t\t<label for=\"form-field-name\" class=\"elementor-field-label\">\n\t\t\t\t\t\t\t\tQuand pr\u00e9f\u00e9rez-vous \u00eatre contact\u00e9 ?\t\t\t\t\t\t\t<\/label>\n\t\t\t\t\t\t<div class=\"elementor-field-subgroup  elementor-subgroup-inline\"><span class=\"elementor-field-option\"><input type=\"radio\" value=\"Morning\" id=\"form-field-name-0\" name=\"form_fields[name]\" required=\"required\" aria-required=\"true\"> <label for=\"form-field-name-0\">Morning<\/label><\/span><span class=\"elementor-field-option\"><input type=\"radio\" value=\"Afternoon\" id=\"form-field-name-1\" name=\"form_fields[name]\" required=\"required\" aria-required=\"true\"> <label for=\"form-field-name-1\">Afternoon<\/label><\/span><span class=\"elementor-field-option\"><input type=\"radio\" value=\"Evening\" id=\"form-field-name-2\" name=\"form_fields[name]\" required=\"required\" aria-required=\"true\"> <label for=\"form-field-name-2\">Evening<\/label><\/span><\/div>\t\t\t\t<\/div>\n\t\t\t\t\t\t\t\t<div class=\"elementor-field-type-text elementor-field-group elementor-column elementor-field-group-FullName elementor-col-100 elementor-md-100 elementor-field-required\">\n\t\t\t\t\t\t\t\t\t\t\t\t<label for=\"form-field-FullName\" class=\"elementor-field-label\">\n\t\t\t\t\t\t\t\tNom\t\t\t\t\t\t\t<\/label>\n\t\t\t\t\t\t\t\t\t\t\t\t\t\t<input size=\"1\" type=\"text\" name=\"form_fields[FullName]\" id=\"form-field-FullName\" class=\"elementor-field elementor-size-sm  elementor-field-textual\" placeholder=\"Nom et pr\u00e9nom\" required=\"required\" aria-required=\"true\">\n\t\t\t\t\t\t\t\t\t\t\t<\/div>\n\t\t\t\t\t\t\t\t<div class=\"elementor-field-type-email elementor-field-group elementor-column elementor-field-group-Email elementor-col-100 elementor-md-100 elementor-field-required\">\n\t\t\t\t\t\t\t\t\t\t\t\t<label for=\"form-field-Email\" class=\"elementor-field-label\">\n\t\t\t\t\t\t\t\tCourriel\t\t\t\t\t\t\t<\/label>\n\t\t\t\t\t\t\t\t\t\t\t\t\t\t<input size=\"1\" type=\"email\" name=\"form_fields[Email]\" id=\"form-field-Email\" class=\"elementor-field elementor-size-sm  elementor-field-textual\" placeholder=\"example@youremail.com\" required=\"required\" aria-required=\"true\">\n\t\t\t\t\t\t\t\t\t\t\t<\/div>\n\t\t\t\t\t\t\t\t<div class=\"elementor-field-type-tel elementor-field-group elementor-column elementor-field-group-Phone elementor-col-100 elementor-md-100 elementor-field-required\">\n\t\t\t\t\t\t\t\t\t\t\t\t<label for=\"form-field-Phone\" class=\"elementor-field-label\">\n\t\t\t\t\t\t\t\tNum\u00e9ro de t\u00e9l\u00e9phone\t\t\t\t\t\t\t<\/label>\n\t\t\t\t\t\t\t\t<input size=\"1\" type=\"tel\" name=\"form_fields[Phone]\" id=\"form-field-Phone\" class=\"elementor-field elementor-size-sm  elementor-field-textual\" placeholder=\"Num\u00e9ro de t\u00e9l\u00e9phone\" required=\"required\" aria-required=\"true\" pattern=\"[0-9()#&amp;+*-=.]+\" title=\"Seuls les caract\u00e8res de num\u00e9ros de t\u00e9l\u00e9phone (#, -, *, etc.) sont accept\u00e9s.\">\n\n\t\t\t\t\t\t<\/div>\n\t\t\t\t\t\t\t\t<div class=\"elementor-field-type-textarea elementor-field-group elementor-column elementor-field-group-Message elementor-col-100 elementor-md-100\">\n\t\t\t\t\t\t\t\t\t\t\t\t<label for=\"form-field-Message\" class=\"elementor-field-label\">\n\t\t\t\t\t\t\t\tMessage\t\t\t\t\t\t\t<\/label>\n\t\t\t\t\t\t<textarea class=\"elementor-field-textual elementor-field  elementor-size-sm\" name=\"form_fields[Message]\" id=\"form-field-Message\" rows=\"5\" placeholder=\"Quel traitement dentaire vous int\u00e9resse ?\"><\/textarea>\t\t\t\t<\/div>\n\t\t\t\t\t\t\t\t<div class=\"elementor-field-type-recaptcha_v3 elementor-field-group elementor-column elementor-field-group-field_81f7fb9 elementor-col-100 recaptcha_v3-bottomright\">\n\t\t\t\t\t<div class=\"elementor-field\" id=\"form-field-field_81f7fb9\"><div class=\"elementor-g-recaptcha\" data-sitekey=\"6LfmO5YsAAAAALyJWHOX38ntAHNJZ2QE_q0wSlsw\" data-type=\"v3\" data-action=\"Form\" data-badge=\"bottomright\" data-size=\"invisible\"><\/div><\/div>\t\t\t\t<\/div>\n\t\t\t\t\t\t\t\t<div class=\"elementor-field-group elementor-column elementor-field-type-submit elementor-col-100 e-form__buttons\">\n\t\t\t\t\t<button class=\"elementor-button elementor-size-md\" type=\"submit\">\n\t\t\t\t\t\t<span class=\"elementor-button-content-wrapper\">\n\t\t\t\t\t\t\t\t\t\t\t\t\t\t\t\t\t\t\t\t\t\t<span class=\"elementor-button-text\">Soumettre<\/span>\n\t\t\t\t\t\t\t\t\t\t\t\t\t<\/span>\n\t\t\t\t\t<\/button>\n\t\t\t\t<\/div>\n\t\t\t<\/div>\n\t\t<\/form>\n\t\t\t\t<\/div>\n\t\t\t\t<\/div>\n\t\t\t\t<\/div>\n\t\t<div class=\"elementor-element elementor-element-48853c0 e-con-full e-flex e-con e-child\" data-id=\"48853c0\" data-element_type=\"container\">\n\t\t<div class=\"elementor-element elementor-element-31abc70 e-con-full e-flex e-con e-child\" data-id=\"31abc70\" data-element_type=\"container\">\n\t\t\t\t<div class=\"elementor-element elementor-element-4be1f64 elementor-widget elementor-widget-image\" data-id=\"4be1f64\" data-element_type=\"widget\" data-widget_type=\"image.default\">\n\t\t\t\t<div class=\"elementor-widget-container\">\n\t\t\t\t\t\t\t\t\t\t\t\t\t<img decoding=\"async\" width=\"18\" height=\"22\" src=\"https:\/\/doctorwisdom.com\/wp-content\/uploads\/2024\/08\/Vector.svg\" class=\"attachment-large size-large wp-image-3539\" alt=\"\" \/>\t\t\t\t\t\t\t\t\t\t\t\t\t<\/div>\n\t\t\t\t<\/div>\n\t\t\t\t<div class=\"elementor-element elementor-element-8e04795 elementor-widget elementor-widget-heading\" data-id=\"8e04795\" data-element_type=\"widget\" data-widget_type=\"heading.default\">\n\t\t\t\t<div class=\"elementor-widget-container\">\n\t\t\t<h2 class=\"elementor-heading-title elementor-size-default\">Localisation<\/h2>\t\t<\/div>\n\t\t\t\t<\/div>\n\t\t\t\t<div class=\"elementor-element elementor-element-d4eadaf elementor-widget__width-initial elementor-widget elementor-widget-text-editor\" data-id=\"d4eadaf\" data-element_type=\"widget\" data-widget_type=\"text-editor.default\">\n\t\t\t\t<div class=\"elementor-widget-container\">\n\t\t\t\t\t\t\t<p><a style=\"color: inherit; text-decoration: inherit;\" href=\"https:\/\/maps.app.goo.gl\/x3ZgLnqMVvBDGc156\">1280 Boul. Marcel-Laurin, Suite A,\u2028VSL, H4R 1J9 <\/a><\/p>\n\t\t\t\t\t\t<\/div>\n\t\t\t\t<\/div>\n\t\t<div class=\"elementor-element elementor-element-7700b5b e-con-full e-flex e-con e-child\" data-id=\"7700b5b\" data-element_type=\"container\">\n\t\t\t\t<div class=\"elementor-element elementor-element-8e652ce elementor-widget elementor-widget-image\" data-id=\"8e652ce\" data-element_type=\"widget\" data-widget_type=\"image.default\">\n\t\t\t\t<div class=\"elementor-widget-container\">\n\t\t\t\t\t\t\t\t\t\t\t\t\t<img decoding=\"async\" width=\"18\" height=\"18\" src=\"https:\/\/doctorwisdom.com\/wp-content\/uploads\/2024\/08\/Vector-1.svg\" class=\"attachment-large size-large wp-image-3540\" alt=\"\" \/>\t\t\t\t\t\t\t\t\t\t\t\t\t<\/div>\n\t\t\t\t<\/div>\n\t\t\t\t<div class=\"elementor-element elementor-element-023ca7f elementor-widget elementor-widget-heading\" data-id=\"023ca7f\" data-element_type=\"widget\" data-widget_type=\"heading.default\">\n\t\t\t\t<div class=\"elementor-widget-container\">\n\t\t\t<h2 class=\"elementor-heading-title elementor-size-default\">Contact<\/h2>\t\t<\/div>\n\t\t\t\t<\/div>\n\t\t\t\t<div class=\"elementor-element elementor-element-8bd80c0 elementor-widget__width-initial elementor-widget elementor-widget-text-editor\" data-id=\"8bd80c0\" data-element_type=\"widget\" data-widget_type=\"text-editor.default\">\n\t\t\t\t<div class=\"elementor-widget-container\">\n\t\t\t\t\t\t\t<a style=\"color: inherit; text-decoration: inherit;\" href=\"tel:5147784444\">514-778-4444<\/a>\n\n<a style=\"color: inherit; text-decoration: inherit; display: block;\" href=\"mailto:doctorwisdom@hotmail.com\">doctorwisdom@hotmail.com<\/a>\t\t\t\t\t\t<\/div>\n\t\t\t\t<\/div>\n\t\t<div class=\"elementor-element elementor-element-cee53f4 e-con-full e-flex e-con e-child\" data-id=\"cee53f4\" data-element_type=\"container\">\n\t\t\t\t<div class=\"elementor-element elementor-element-d7d820f elementor-widget elementor-widget-image\" data-id=\"d7d820f\" data-element_type=\"widget\" data-widget_type=\"image.default\">\n\t\t\t\t<div class=\"elementor-widget-container\">\n\t\t\t\t\t\t\t\t\t\t\t\t\t<img decoding=\"async\" width=\"20\" height=\"20\" src=\"https:\/\/doctorwisdom.com\/wp-content\/uploads\/2024\/08\/Vector-2.svg\" class=\"attachment-large size-large wp-image-3541\" alt=\"\" \/>\t\t\t\t\t\t\t\t\t\t\t\t\t<\/div>\n\t\t\t\t<\/div>\n\t\t\t\t<div class=\"elementor-element elementor-element-212afe7 elementor-widget elementor-widget-heading\" data-id=\"212afe7\" data-element_type=\"widget\" data-widget_type=\"heading.default\">\n\t\t\t\t<div class=\"elementor-widget-container\">\n\t\t\t<h2 class=\"elementor-heading-title elementor-size-default\">Heures d'ouverture<\/h2>\t\t<\/div>\n\t\t\t\t<\/div>\n\t\t<div class=\"elementor-element elementor-element-23705d6 e-con-full e-flex e-con e-child\" data-id=\"23705d6\" data-element_type=\"container\">\n\t\t<div class=\"elementor-element elementor-element-38e48da e-con-full e-flex e-con e-child\" data-id=\"38e48da\" data-element_type=\"container\">\n\t\t\t\t<div class=\"elementor-element elementor-element-97e6091 elementor-icon-list--layout-traditional elementor-list-item-link-full_width elementor-widget elementor-widget-icon-list\" data-id=\"97e6091\" data-element_type=\"widget\" data-widget_type=\"icon-list.default\">\n\t\t\t\t<div class=\"elementor-widget-container\">\n\t\t\t\t\t<ul class=\"elementor-icon-list-items\">\n\t\t\t\t\t\t\t<li class=\"elementor-icon-list-item\">\n\t\t\t\t\t\t\t\t\t\t<span class=\"elementor-icon-list-text\">Lundi<\/span>\n\t\t\t\t\t\t\t\t\t<\/li>\n\t\t\t\t\t\t\t\t<li class=\"elementor-icon-list-item\">\n\t\t\t\t\t\t\t\t\t\t<span class=\"elementor-icon-list-text\">Mardi<\/span>\n\t\t\t\t\t\t\t\t\t<\/li>\n\t\t\t\t\t\t\t\t<li class=\"elementor-icon-list-item\">\n\t\t\t\t\t\t\t\t\t\t<span class=\"elementor-icon-list-text\">Mercredi<\/span>\n\t\t\t\t\t\t\t\t\t<\/li>\n\t\t\t\t\t\t\t\t<li class=\"elementor-icon-list-item\">\n\t\t\t\t\t\t\t\t\t\t<span class=\"elementor-icon-list-text\">Jeudi<\/span>\n\t\t\t\t\t\t\t\t\t<\/li>\n\t\t\t\t\t\t\t\t<li class=\"elementor-icon-list-item\">\n\t\t\t\t\t\t\t\t\t\t<span class=\"elementor-icon-list-text\">Vendredi<\/span>\n\t\t\t\t\t\t\t\t\t<\/li>\n\t\t\t\t\t\t\t\t<li class=\"elementor-icon-list-item\">\n\t\t\t\t\t\t\t\t\t\t<span class=\"elementor-icon-list-text\">Samedi<\/span>\n\t\t\t\t\t\t\t\t\t<\/li>\n\t\t\t\t\t\t\t\t<li class=\"elementor-icon-list-item\">\n\t\t\t\t\t\t\t\t\t\t<span class=\"elementor-icon-list-text\">Dimanche<\/span>\n\t\t\t\t\t\t\t\t\t<\/li>\n\t\t\t\t\t\t<\/ul>\n\t\t\t\t<\/div>\n\t\t\t\t<\/div>\n\t\t\t\t<\/div>\n\t\t<div class=\"elementor-element elementor-element-047f395 e-con-full e-flex e-con e-child\" data-id=\"047f395\" data-element_type=\"container\">\n\t\t\t\t<div class=\"elementor-element elementor-element-99c9c01 elementor-icon-list--layout-traditional elementor-list-item-link-full_width elementor-widget elementor-widget-icon-list\" data-id=\"99c9c01\" data-element_type=\"widget\" data-widget_type=\"icon-list.default\">\n\t\t\t\t<div class=\"elementor-widget-container\">\n\t\t\t\t\t<ul class=\"elementor-icon-list-items\">\n\t\t\t\t\t\t\t<li class=\"elementor-icon-list-item\">\n\t\t\t\t\t\t\t\t\t\t<span class=\"elementor-icon-list-text\">- 9 am - 8 pm<\/span>\n\t\t\t\t\t\t\t\t\t<\/li>\n\t\t\t\t\t\t\t\t<li class=\"elementor-icon-list-item\">\n\t\t\t\t\t\t\t\t\t\t<span class=\"elementor-icon-list-text\">- 9 am - 8 pm<\/span>\n\t\t\t\t\t\t\t\t\t<\/li>\n\t\t\t\t\t\t\t\t<li class=\"elementor-icon-list-item\">\n\t\t\t\t\t\t\t\t\t\t<span class=\"elementor-icon-list-text\">- 9 am - 8 pm<\/span>\n\t\t\t\t\t\t\t\t\t<\/li>\n\t\t\t\t\t\t\t\t<li class=\"elementor-icon-list-item\">\n\t\t\t\t\t\t\t\t\t\t<span class=\"elementor-icon-list-text\">- 9 am - 8 pm<\/span>\n\t\t\t\t\t\t\t\t\t<\/li>\n\t\t\t\t\t\t\t\t<li class=\"elementor-icon-list-item\">\n\t\t\t\t\t\t\t\t\t\t<span class=\"elementor-icon-list-text\">- 9 am - 8 pm<\/span>\n\t\t\t\t\t\t\t\t\t<\/li>\n\t\t\t\t\t\t\t\t<li class=\"elementor-icon-list-item\">\n\t\t\t\t\t\t\t\t\t\t<span class=\"elementor-icon-list-text\">Ferm\u00e9<\/span>\n\t\t\t\t\t\t\t\t\t<\/li>\n\t\t\t\t\t\t\t\t<li class=\"elementor-icon-list-item\">\n\t\t\t\t\t\t\t\t\t\t<span class=\"elementor-icon-list-text\">Ferm\u00e9<\/span>\n\t\t\t\t\t\t\t\t\t<\/li>\n\t\t\t\t\t\t<\/ul>\n\t\t\t\t<\/div>\n\t\t\t\t<\/div>\n\t\t\t\t<\/div>\n\t\t\t\t<\/div>\n\t\t\t\t<\/div>\n\t\t\t\t<\/div>\n\t\t\t\t<\/div>\n\t\t\t\t<\/div>\n\t\t\t\t\t<\/div>\n\t\t\t\t<\/div>\n\t\t\t\t\t<\/div>\n\t\t\t\t<\/div>\n\t\t<div class=\"elementor-element elementor-element-25a4cd4 e-flex e-con-boxed e-con e-parent\" data-id=\"25a4cd4\" data-element_type=\"container\">\n\t\t\t\t\t<div class=\"e-con-inner\">\n\t\t\t\t<div class=\"elementor-element elementor-element-ae22d6d elementor-widget elementor-widget-google_maps\" data-id=\"ae22d6d\" data-element_type=\"widget\" data-widget_type=\"google_maps.default\">\n\t\t\t\t<div class=\"elementor-widget-container\">\n\t\t\t\t\t<div class=\"elementor-custom-embed\">\n\t\t\t<iframe loading=\"lazy\"\n\t\t\t\t\tsrc=\"https:\/\/maps.google.com\/maps?q=Dr.%20Wisdom%20-%20Dentiste%20Montreal%20-%20Centre%20Dentaire%20Aoude%20VSL&#038;t=m&#038;z=13&#038;output=embed&#038;iwloc=near\"\n\t\t\t\t\ttitle=\"Dr. Wisdom - Dentiste Montreal - Centre Dentaire Aoude VSL\"\n\t\t\t\t\taria-label=\"Dr. Wisdom - Dentiste Montreal - Centre Dentaire Aoude VSL\"\n\t\t\t><\/iframe>\n\t\t<\/div>\n\t\t\t\t<\/div>\n\t\t\t\t<\/div>\n\t\t\t\t\t<\/div>\n\t\t\t\t<\/div>\n\t\t<div class=\"elementor-element elementor-element-2c85063 e-flex e-con-boxed e-con e-parent\" data-id=\"2c85063\" data-element_type=\"container\">\n\t\t\t\t\t<div class=\"e-con-inner\">\n\t\t\t\t<div class=\"elementor-element elementor-element-a9b5b06 elementor-widget elementor-widget-spacer\" data-id=\"a9b5b06\" data-element_type=\"widget\" data-widget_type=\"spacer.default\">\n\t\t\t\t<div class=\"elementor-widget-container\">\n\t\t\t\t\t<div class=\"elementor-spacer\">\n\t\t\t<div class=\"elementor-spacer-inner\"><\/div>\n\t\t<\/div>\n\t\t\t\t<\/div>\n\t\t\t\t<\/div>\n\t\t\t\t\t<\/div>\n\t\t\t\t<\/div>\n\t\t\t\t<\/div>\n\t\t","protected":false},"excerpt":{"rendered":"<p>D\u00e9couvrez l\u2019\u00e9quipe dentaire du Centre Dentaire Aoude \u2013 Dr. Wisdom : des sp\u00e9cialistes comme le Dr Ahmad Aoude, Dre Rita Mouawie, Dr George Kesserwany, Dr Ilyes Amrani et Marlo Sciarretta qui vous offrent des soins modernes, personnalis\u00e9s et empreints de bienveillance.<\/p>\n","protected":false},"author":6,"featured_media":4742,"parent":0,"menu_order":0,"comment_status":"closed","ping_status":"closed","template":"","meta":{"_seopress_robots_primary_cat":"","_seopress_titles_title":"Our Montreal Dental Team at Dr. Wisdom VSL","_seopress_titles_desc":"Meet our dedicated dentists\u2014Dr. Aoude, Dr. Mouawie, Dr. Kesserwany, Dr. Amrani & Marlo Sciarretta\u2014providing personalized, expert dental care in Montreal. Book your consultation today.","_seopress_robots_index":"","om_disable_all_campaigns":false,"inline_featured_image":false,"_monsterinsights_skip_tracking":false,"_monsterinsights_sitenote_active":false,"_monsterinsights_sitenote_note":"","_monsterinsights_sitenote_category":0,"footnotes":""},"class_list":["post-6702","page","type-page","status-publish","has-post-thumbnail","hentry"],"acf":[],"_links":{"self":[{"href":"https:\/\/doctorwisdom.com\/fr\/wp-json\/wp\/v2\/pages\/6702","targetHints":{"allow":["GET"]}}],"collection":[{"href":"https:\/\/doctorwisdom.com\/fr\/wp-json\/wp\/v2\/pages"}],"about":[{"href":"https:\/\/doctorwisdom.com\/fr\/wp-json\/wp\/v2\/types\/page"}],"author":[{"embeddable":true,"href":"https:\/\/doctorwisdom.com\/fr\/wp-json\/wp\/v2\/users\/6"}],"replies":[{"embeddable":true,"href":"https:\/\/doctorwisdom.com\/fr\/wp-json\/wp\/v2\/comments?post=6702"}],"version-history":[{"count":0,"href":"https:\/\/doctorwisdom.com\/fr\/wp-json\/wp\/v2\/pages\/6702\/revisions"}],"wp:featuredmedia":[{"embeddable":true,"href":"https:\/\/doctorwisdom.com\/fr\/wp-json\/wp\/v2\/media\/4742"}],"wp:attachment":[{"href":"https:\/\/doctorwisdom.com\/fr\/wp-json\/wp\/v2\/media?parent=6702"}],"curies":[{"name":"wp","href":"https:\/\/api.w.org\/{rel}","templated":true}]}}